{"id":80,"date":"2024-09-12T16:43:31","date_gmt":"2024-09-12T16:43:31","guid":{"rendered":"https:\/\/p9.miexpertodigital1.eu\/?page_id=80"},"modified":"2025-08-07T16:37:51","modified_gmt":"2025-08-07T16:37:51","slug":"contacto","status":"publish","type":"page","link":"https:\/\/momentum-life-shift.com\/en\/contacto\/","title":{"rendered":"Contact"},"content":{"rendered":"<div data-elementor-type=\"wp-page\" data-elementor-id=\"80\" class=\"elementor elementor-80\" data-elementor-post-type=\"page\">\n\t\t\t\t<div class=\"elementor-element elementor-element-2daf5cbc e-flex e-con-boxed elementor-invisible e-con e-parent\" data-id=\"2daf5cbc\" data-element_type=\"container\" data-settings=\"{&quot;background_background&quot;:&quot;classic&quot;,&quot;animation&quot;:&quot;fadeIn&quot;}\">\n\t\t\t\t\t<div class=\"e-con-inner\">\n\t\t<div class=\"elementor-element elementor-element-3c33c693 e-con-full e-flex e-con e-child\" data-id=\"3c33c693\" data-element_type=\"container\">\n\t\t\t\t<\/div>\n\t\t\t\t\t<\/div>\n\t\t\t\t<\/div>\n\t\t<div class=\"elementor-element elementor-element-37f6148b e-flex e-con-boxed e-con e-parent\" data-id=\"37f6148b\" data-element_type=\"container\">\n\t\t\t\t\t<div class=\"e-con-inner\">\n\t\t<div class=\"elementor-element elementor-element-3e57f609 e-con-full e-flex e-con e-child\" data-id=\"3e57f609\" data-element_type=\"container\">\n\t\t\t\t<div class=\"elementor-element elementor-element-23c9e013 elementor-invisible elementor-widget elementor-widget-heading\" data-id=\"23c9e013\" data-element_type=\"widget\" data-settings=\"{&quot;_animation&quot;:&quot;fadeIn&quot;}\" data-widget_type=\"heading.default\">\n\t\t\t\t<div class=\"elementor-widget-container\">\n\t\t\t\t\t<h2 class=\"elementor-heading-title elementor-size-default\">If you need more information<\/h2>\t\t\t\t<\/div>\n\t\t\t\t<\/div>\n\t\t\t\t<div class=\"elementor-element elementor-element-4622bd0 elementor-invisible elementor-widget elementor-widget-text-editor\" data-id=\"4622bd0\" data-element_type=\"widget\" data-settings=\"{&quot;_animation&quot;:&quot;fadeIn&quot;}\" data-widget_type=\"text-editor.default\">\n\t\t\t\t<div class=\"elementor-widget-container\">\n\t\t\t\t\t\t\t\t\t<p><span style=\"font-weight: 400;\">Do not hesitate to contact us through our e-mail:<\/span><\/p>\t\t\t\t\t\t\t\t<\/div>\n\t\t\t\t<\/div>\n\t\t\t\t<div class=\"elementor-element elementor-element-187bb22e elementor-align-left elementor-icon-list--layout-traditional elementor-list-item-link-full_width elementor-invisible elementor-widget elementor-widget-icon-list\" data-id=\"187bb22e\" data-element_type=\"widget\" data-settings=\"{&quot;_animation&quot;:&quot;fadeIn&quot;}\" data-widget_type=\"icon-list.default\">\n\t\t\t\t<div class=\"elementor-widget-container\">\n\t\t\t\t\t\t\t<ul class=\"elementor-icon-list-items\">\n\t\t\t\t\t\t\t<li class=\"elementor-icon-list-item\">\n\t\t\t\t\t\t\t\t\t\t\t<a href=\"mailto:online.hypnotherapy@momentumlifeshift.com.\">\n\n\t\t\t\t\t\t\t\t\t\t\t\t<span class=\"elementor-icon-list-icon\">\n\t\t\t\t\t\t\t<svg aria-hidden=\"true\" class=\"e-font-icon-svg e-far-envelope\" viewbox=\"0 0 512 512\" xmlns=\"http:\/\/www.w3.org\/2000\/svg\"><path d=\"M464 64H48C21.49 64 0 85.49 0 112v288c0 26.51 21.49 48 48 48h416c26.51 0 48-21.49 48-48V112c0-26.51-21.49-48-48-48zm0 48v40.805c-22.422 18.259-58.168 46.651-134.587 106.49-16.841 13.247-50.201 45.072-73.413 44.701-23.208.375-56.579-31.459-73.413-44.701C106.18 199.465 70.425 171.067 48 152.805V112h416zM48 400V214.398c22.914 18.251 55.409 43.862 104.938 82.646 21.857 17.205 60.134 55.186 103.062 54.955 42.717.231 80.509-37.199 103.053-54.947 49.528-38.783 82.032-64.401 104.947-82.653V400H48z\"><\/path><\/svg>\t\t\t\t\t\t<\/span>\n\t\t\t\t\t\t\t\t\t\t<span class=\"elementor-icon-list-text\">online.hypnotherapy@momentumlifeshift.com.<\/span>\n\t\t\t\t\t\t\t\t\t\t\t<\/a>\n\t\t\t\t\t\t\t\t\t<\/li>\n\t\t\t\t\t\t\t\t<li class=\"elementor-icon-list-item\">\n\t\t\t\t\t\t\t\t\t\t\t<span class=\"elementor-icon-list-icon\">\n\t\t\t\t\t\t\t<i aria-hidden=\"true\" class=\"jki jki-map-marker1-light\"><\/i>\t\t\t\t\t\t<\/span>\n\t\t\t\t\t\t\t\t\t\t<span class=\"elementor-icon-list-text\">Canary Islands, Spain<\/span>\n\t\t\t\t\t\t\t\t\t<\/li>\n\t\t\t\t\t\t<\/ul>\n\t\t\t\t\t\t<\/div>\n\t\t\t\t<\/div>\n\t\t\t\t<\/div>\n\t\t<div class=\"elementor-element elementor-element-4da6986 e-con-full e-flex e-con e-child\" data-id=\"4da6986\" data-element_type=\"container\" data-settings=\"{&quot;background_background&quot;:&quot;classic&quot;}\">\n\t\t\t\t<div class=\"elementor-element elementor-element-75c50f1 elementor-widget elementor-widget-heading\" data-id=\"75c50f1\" data-element_type=\"widget\" data-widget_type=\"heading.default\">\n\t\t\t\t<div class=\"elementor-widget-container\">\n\t\t\t\t\t<h2 class=\"elementor-heading-title elementor-size-default\">Contact us<\/h2>\t\t\t\t<\/div>\n\t\t\t\t<\/div>\n\t\t\t\t<div class=\"elementor-element elementor-element-0c28657 elementor-button-align-stretch elementor-widget elementor-widget-form\" data-id=\"0c28657\" data-element_type=\"widget\" data-settings=\"{&quot;step_next_label&quot;:&quot;Next&quot;,&quot;step_previous_label&quot;:&quot;Previous&quot;,&quot;button_width&quot;:&quot;100&quot;,&quot;step_type&quot;:&quot;number_text&quot;,&quot;step_icon_shape&quot;:&quot;circle&quot;}\" data-widget_type=\"form.default\">\n\t\t\t\t<div class=\"elementor-widget-container\">\n\t\t\t\t\t\t\t<form class=\"elementor-form\" method=\"post\" name=\"New Form\" action=\"\">\n\t\t\t<input type=\"hidden\" name=\"post_id\" value=\"80\"\/>\n\t\t\t<input type=\"hidden\" name=\"form_id\" value=\"0c28657\"\/>\n\t\t\t<input type=\"hidden\" name=\"referer_title\" value=\"Contacto - Momentum Life Shift\" \/>\n\n\t\t\t\t\t\t\t<input type=\"hidden\" name=\"queried_id\" value=\"80\"\/>\n\t\t\t\n\t\t\t<div class=\"elementor-form-fields-wrapper elementor-labels-above\">\n\t\t\t\t\t\t\t\t<div class=\"elementor-field-type-text elementor-field-group elementor-column elementor-field-group-name elementor-col-50\">\n\t\t\t\t\t\t\t\t\t\t\t\t<label for=\"form-field-name\" class=\"elementor-field-label\">\n\t\t\t\t\t\t\t\tName\t\t\t\t\t\t\t<\/label>\n\t\t\t\t\t\t\t\t\t\t\t\t\t\t<input size=\"1\" type=\"text\" name=\"form_fields[name]\" id=\"form-field-name\" class=\"elementor-field elementor-size-sm  elementor-field-textual\" placeholder=\"Full name\">\n\t\t\t\t\t\t\t\t\t\t\t<\/div>\n\t\t\t\t\t\t\t\t<div class=\"elementor-field-type-email elementor-field-group elementor-column elementor-field-group-email elementor-col-50 elementor-field-required\">\n\t\t\t\t\t\t\t\t\t\t\t\t<label for=\"form-field-email\" class=\"elementor-field-label\">\n\t\t\t\t\t\t\t\tE-mail\t\t\t\t\t\t\t<\/label>\n\t\t\t\t\t\t\t\t\t\t\t\t\t\t<input size=\"1\" type=\"email\" name=\"form_fields[email]\" id=\"form-field-email\" class=\"elementor-field elementor-size-sm  elementor-field-textual\" placeholder=\"tucorreo@tudominio.com\" required=\"required\">\n\t\t\t\t\t\t\t\t\t\t\t<\/div>\n\t\t\t\t\t\t\t\t<div class=\"elementor-field-type-text elementor-field-group elementor-column elementor-field-group-field_93db2a9 elementor-col-100\">\n\t\t\t\t\t\t\t\t\t\t\t\t<label for=\"form-field-field_93db2a9\" class=\"elementor-field-label\">\n\t\t\t\t\t\t\t\tSubject\t\t\t\t\t\t\t<\/label>\n\t\t\t\t\t\t\t\t\t\t\t\t\t\t<input size=\"1\" type=\"text\" name=\"form_fields[field_93db2a9]\" id=\"form-field-field_93db2a9\" class=\"elementor-field elementor-size-sm  elementor-field-textual\" placeholder=\"Enter your question\">\n\t\t\t\t\t\t\t\t\t\t\t<\/div>\n\t\t\t\t\t\t\t\t<div class=\"elementor-field-type-textarea elementor-field-group elementor-column elementor-field-group-message elementor-col-100\">\n\t\t\t\t\t\t\t\t\t\t\t\t<label for=\"form-field-message\" class=\"elementor-field-label\">\n\t\t\t\t\t\t\t\tMessage\t\t\t\t\t\t\t<\/label>\n\t\t\t\t\t\t<textarea class=\"elementor-field-textual elementor-field  elementor-size-sm\" name=\"form_fields[message]\" id=\"form-field-message\" rows=\"4\" placeholder=\"Enter your message\"><\/textarea>\t\t\t\t<\/div>\n\t\t\t\t\t\t\t\t<div class=\"elementor-field-type-acceptance elementor-field-group elementor-column elementor-field-group-field_ebd65bb elementor-col-100\">\n\t\t\t\t\t\t\t<div class=\"elementor-field-subgroup\">\n\t\t\t<span class=\"elementor-field-option\">\n\t\t\t\t<input type=\"checkbox\" name=\"form_fields[field_ebd65bb]\" id=\"form-field-field_ebd65bb\" class=\"elementor-field elementor-size-sm  elementor-acceptance-field\">\n\t\t\t\t<label for=\"form-field-field_ebd65bb\">I accept <a href='https:\/\/momentum-life-shift.com\/en\/politica-de-privacidad\/' target='_blank'>privacy policy<\/a><\/label>\t\t\t<\/span>\n\t\t<\/div>\n\t\t\t\t\t\t<\/div>\n\t\t\t\t\t\t\t\t<div class=\"elementor-field-type-recaptcha_v3 elementor-field-group elementor-column elementor-field-group-field_caec5be elementor-col-100 recaptcha_v3-bottomright\">\n\t\t\t\t\t<div class=\"elementor-field\" id=\"form-field-field_caec5be\"><div class=\"elementor-g-recaptcha\" data-sitekey=\"6Lf8MGcrAAAAADe-WoVt2Ar6eyq6l6E1gklVtT9Y\" data-type=\"v3\" data-action=\"Form\" data-badge=\"bottomright\" data-size=\"invisible\"><\/div><\/div>\t\t\t\t<\/div>\n\t\t\t\t\t\t\t\t<div class=\"elementor-field-group elementor-column elementor-field-type-submit elementor-col-100 e-form__buttons\">\n\t\t\t\t\t<button class=\"elementor-button elementor-size-sm\" type=\"submit\">\n\t\t\t\t\t\t<span class=\"elementor-button-content-wrapper\">\n\t\t\t\t\t\t\t\t\t\t\t\t\t\t\t\t\t\t\t\t\t\t<span class=\"elementor-button-text\">Send<\/span>\n\t\t\t\t\t\t\t\t\t\t\t\t\t<\/span>\n\t\t\t\t\t<\/button>\n\t\t\t\t<\/div>\n\t\t\t<\/div>\n\t\t<input type=\"hidden\" name=\"trp-form-language\" value=\"en\"\/><\/form>\n\t\t\t\t\t\t<\/div>\n\t\t\t\t<\/div>\n\t\t\t\t<\/div>\n\t\t\t\t\t<\/div>\n\t\t\t\t<\/div>\n\t\t\t\t<\/div>","protected":false},"excerpt":{"rendered":"<p>Si necesitas m\u00e1s informaci\u00f3n No dudes en contactarnos a trav\u00e9s de nuestro correo electr\u00f3nico: online.hypnotherapy@momentumlifeshift.com. Islas Canarias, Espa\u00f1a Cont\u00e1ctanos<\/p>","protected":false},"author":8,"featured_media":0,"parent":0,"menu_order":0,"comment_status":"closed","ping_status":"closed","template":"","meta":{"iawp_total_views":41,"footnotes":""},"class_list":["post-80","page","type-page","status-publish","hentry"],"yoast_head":"<!-- This site is optimized with the Yoast SEO plugin v25.3.1 - https:\/\/yoast.com\/wordpress\/plugins\/seo\/ -->\n<title>Contacto - Momentum Life Shift<\/title>\n<meta name=\"robots\" content=\"index, follow, max-snippet:-1, max-image-preview:large, max-video-preview:-1\" \/>\n<link rel=\"canonical\" href=\"https:\/\/momentum-life-shift.com\/en\/contacto\/\" \/>\n<meta property=\"og:locale\" content=\"en_US\" \/>\n<meta property=\"og:type\" content=\"article\" \/>\n<meta property=\"og:title\" content=\"Contacto - Momentum Life Shift\" \/>\n<meta property=\"og:description\" content=\"Si necesitas m\u00e1s informaci\u00f3n No dudes en contactarnos a trav\u00e9s de nuestro correo electr\u00f3nico: online.hypnotherapy@momentumlifeshift.com. Islas Canarias, Espa\u00f1a Cont\u00e1ctanos\" \/>\n<meta property=\"og:url\" content=\"https:\/\/momentum-life-shift.com\/en\/contacto\/\" \/>\n<meta property=\"og:site_name\" content=\"Momentum Life Shift\" \/>\n<meta property=\"article:modified_time\" content=\"2025-08-07T16:37:51+00:00\" \/>\n<meta property=\"og:image\" content=\"https:\/\/momentum-life-shift.com\/wp-content\/uploads\/2025\/04\/cropped-momentum-life.png\" \/>\n\t<meta property=\"og:image:width\" content=\"512\" \/>\n\t<meta property=\"og:image:height\" content=\"512\" \/>\n\t<meta property=\"og:image:type\" content=\"image\/png\" \/>\n<meta name=\"twitter:card\" content=\"summary_large_image\" \/>\n<meta name=\"twitter:label1\" content=\"Est. reading time\" \/>\n\t<meta name=\"twitter:data1\" content=\"1 minute\" \/>\n<script type=\"application\/ld+json\" class=\"yoast-schema-graph\">{\"@context\":\"https:\/\/schema.org\",\"@graph\":[{\"@type\":\"WebPage\",\"@id\":\"https:\/\/momentum-life-shift.com\/contacto\/\",\"url\":\"https:\/\/momentum-life-shift.com\/contacto\/\",\"name\":\"Contacto - Momentum Life Shift\",\"isPartOf\":{\"@id\":\"https:\/\/momentum-life-shift.com\/#website\"},\"datePublished\":\"2024-09-12T16:43:31+00:00\",\"dateModified\":\"2025-08-07T16:37:51+00:00\",\"breadcrumb\":{\"@id\":\"https:\/\/momentum-life-shift.com\/contacto\/#breadcrumb\"},\"inLanguage\":\"en-US\",\"potentialAction\":[{\"@type\":\"ReadAction\",\"target\":[\"https:\/\/momentum-life-shift.com\/contacto\/\"]}]},{\"@type\":\"BreadcrumbList\",\"@id\":\"https:\/\/momentum-life-shift.com\/contacto\/#breadcrumb\",\"itemListElement\":[{\"@type\":\"ListItem\",\"position\":1,\"name\":\"Home\",\"item\":\"https:\/\/momentum-life-shift.com\/\"},{\"@type\":\"ListItem\",\"position\":2,\"name\":\"Contacto\"}]},{\"@type\":\"WebSite\",\"@id\":\"https:\/\/momentum-life-shift.com\/#website\",\"url\":\"https:\/\/momentum-life-shift.com\/\",\"name\":\"Momentum Life Shift\",\"description\":\"Desbloquea tu potencial con nuestra hipnoterapia especializada\",\"publisher\":{\"@id\":\"https:\/\/momentum-life-shift.com\/#organization\"},\"potentialAction\":[{\"@type\":\"SearchAction\",\"target\":{\"@type\":\"EntryPoint\",\"urlTemplate\":\"https:\/\/momentum-life-shift.com\/?s={search_term_string}\"},\"query-input\":{\"@type\":\"PropertyValueSpecification\",\"valueRequired\":true,\"valueName\":\"search_term_string\"}}],\"inLanguage\":\"en-US\"},{\"@type\":\"Organization\",\"@id\":\"https:\/\/momentum-life-shift.com\/#organization\",\"name\":\"Momentum Life Shift\",\"url\":\"https:\/\/momentum-life-shift.com\/\",\"logo\":{\"@type\":\"ImageObject\",\"inLanguage\":\"en-US\",\"@id\":\"https:\/\/momentum-life-shift.com\/#\/schema\/logo\/image\/\",\"url\":\"https:\/\/momentum-life-shift.com\/wp-content\/uploads\/2025\/04\/cropped-momentum-life.png\",\"contentUrl\":\"https:\/\/momentum-life-shift.com\/wp-content\/uploads\/2025\/04\/cropped-momentum-life.png\",\"width\":512,\"height\":512,\"caption\":\"Momentum Life Shift\"},\"image\":{\"@id\":\"https:\/\/momentum-life-shift.com\/#\/schema\/logo\/image\/\"}}]}<\/script>\n<!-- \/ Yoast SEO plugin. -->","yoast_head_json":{"title":"Contacto - Momentum Life Shift","robots":{"index":"index","follow":"follow","max-snippet":"max-snippet:-1","max-image-preview":"max-image-preview:large","max-video-preview":"max-video-preview:-1"},"canonical":"https:\/\/momentum-life-shift.com\/en\/contacto\/","og_locale":"en_US","og_type":"article","og_title":"Contacto - Momentum Life Shift","og_description":"Si necesitas m\u00e1s informaci\u00f3n No dudes en contactarnos a trav\u00e9s de nuestro correo electr\u00f3nico: online.hypnotherapy@momentumlifeshift.com. Islas Canarias, Espa\u00f1a Cont\u00e1ctanos","og_url":"https:\/\/momentum-life-shift.com\/en\/contacto\/","og_site_name":"Momentum Life Shift","article_modified_time":"2025-08-07T16:37:51+00:00","og_image":[{"width":512,"height":512,"url":"https:\/\/momentum-life-shift.com\/wp-content\/uploads\/2025\/04\/cropped-momentum-life.png","type":"image\/png"}],"twitter_card":"summary_large_image","twitter_misc":{"Est. reading time":"1 minute"},"schema":{"@context":"https:\/\/schema.org","@graph":[{"@type":"WebPage","@id":"https:\/\/momentum-life-shift.com\/contacto\/","url":"https:\/\/momentum-life-shift.com\/contacto\/","name":"Contacto - Momentum Life Shift","isPartOf":{"@id":"https:\/\/momentum-life-shift.com\/#website"},"datePublished":"2024-09-12T16:43:31+00:00","dateModified":"2025-08-07T16:37:51+00:00","breadcrumb":{"@id":"https:\/\/momentum-life-shift.com\/contacto\/#breadcrumb"},"inLanguage":"en-US","potentialAction":[{"@type":"ReadAction","target":["https:\/\/momentum-life-shift.com\/contacto\/"]}]},{"@type":"BreadcrumbList","@id":"https:\/\/momentum-life-shift.com\/contacto\/#breadcrumb","itemListElement":[{"@type":"ListItem","position":1,"name":"Home","item":"https:\/\/momentum-life-shift.com\/"},{"@type":"ListItem","position":2,"name":"Contacto"}]},{"@type":"WebSite","@id":"https:\/\/momentum-life-shift.com\/#website","url":"https:\/\/momentum-life-shift.com\/","name":"Momentum Life Shift","description":"Desbloquea tu potencial con nuestra hipnoterapia especializada","publisher":{"@id":"https:\/\/momentum-life-shift.com\/#organization"},"potentialAction":[{"@type":"SearchAction","target":{"@type":"EntryPoint","urlTemplate":"https:\/\/momentum-life-shift.com\/?s={search_term_string}"},"query-input":{"@type":"PropertyValueSpecification","valueRequired":true,"valueName":"search_term_string"}}],"inLanguage":"en-US"},{"@type":"Organization","@id":"https:\/\/momentum-life-shift.com\/#organization","name":"Momentum Life Shift","url":"https:\/\/momentum-life-shift.com\/","logo":{"@type":"ImageObject","inLanguage":"en-US","@id":"https:\/\/momentum-life-shift.com\/#\/schema\/logo\/image\/","url":"https:\/\/momentum-life-shift.com\/wp-content\/uploads\/2025\/04\/cropped-momentum-life.png","contentUrl":"https:\/\/momentum-life-shift.com\/wp-content\/uploads\/2025\/04\/cropped-momentum-life.png","width":512,"height":512,"caption":"Momentum Life Shift"},"image":{"@id":"https:\/\/momentum-life-shift.com\/#\/schema\/logo\/image\/"}}]}},"_links":{"self":[{"href":"https:\/\/momentum-life-shift.com\/en\/wp-json\/wp\/v2\/pages\/80","targetHints":{"allow":["GET"]}}],"collection":[{"href":"https:\/\/momentum-life-shift.com\/en\/wp-json\/wp\/v2\/pages"}],"about":[{"href":"https:\/\/momentum-life-shift.com\/en\/wp-json\/wp\/v2\/types\/page"}],"author":[{"embeddable":true,"href":"https:\/\/momentum-life-shift.com\/en\/wp-json\/wp\/v2\/users\/8"}],"replies":[{"embeddable":true,"href":"https:\/\/momentum-life-shift.com\/en\/wp-json\/wp\/v2\/comments?post=80"}],"version-history":[{"count":8,"href":"https:\/\/momentum-life-shift.com\/en\/wp-json\/wp\/v2\/pages\/80\/revisions"}],"predecessor-version":[{"id":616,"href":"https:\/\/momentum-life-shift.com\/en\/wp-json\/wp\/v2\/pages\/80\/revisions\/616"}],"wp:attachment":[{"href":"https:\/\/momentum-life-shift.com\/en\/wp-json\/wp\/v2\/media?parent=80"}],"curies":[{"name":"wp","href":"https:\/\/api.w.org\/{rel}","templated":true}]}}