{"id":121,"date":"2024-09-12T20:33:21","date_gmt":"2024-09-12T20:33:21","guid":{"rendered":"https:\/\/p9.miexpertodigital1.eu\/?page_id=121"},"modified":"2024-09-12T20:34:21","modified_gmt":"2024-09-12T20:34:21","slug":"politica-de-cookies","status":"publish","type":"page","link":"https:\/\/momentum-life-shift.com\/en\/politica-de-cookies\/","title":{"rendered":"Cookie policy"},"content":{"rendered":"<div data-elementor-type=\"wp-page\" data-elementor-id=\"121\" class=\"elementor elementor-121\" data-elementor-post-type=\"page\">\n\t\t\t\t<div class=\"elementor-element elementor-element-2daf5cbc e-flex e-con-boxed elementor-invisible e-con e-parent\" data-id=\"2daf5cbc\" data-element_type=\"container\" data-settings=\"{&quot;background_background&quot;:&quot;classic&quot;,&quot;animation&quot;:&quot;fadeIn&quot;}\">\n\t\t\t\t\t<div class=\"e-con-inner\">\n\t\t<div class=\"elementor-element elementor-element-3c33c693 e-con-full e-flex e-con e-child\" data-id=\"3c33c693\" data-element_type=\"container\">\n\t\t\t\t<\/div>\n\t\t\t\t\t<\/div>\n\t\t\t\t<\/div>\n\t\t<div class=\"elementor-element elementor-element-fca7175 e-flex e-con-boxed e-con e-parent\" data-id=\"fca7175\" data-element_type=\"container\">\n\t\t\t\t\t<div class=\"e-con-inner\">\n\t\t\t\t<div class=\"elementor-element elementor-element-d6754ea elementor-invisible elementor-widget elementor-widget-text-editor\" data-id=\"d6754ea\" data-element_type=\"widget\" data-settings=\"{&quot;_animation&quot;:&quot;fadeIn&quot;}\" data-widget_type=\"text-editor.default\">\n\t\t\t\t<div class=\"elementor-widget-container\">\n\t\t\t\t\t\t\t\t\t<p>In order to provide you a more personalized service and effective, we need to remember and store information about how you use this website. This can be done using small text files called cookies. Cookies contain small amounts of information, and are installed in your computer or on another computer by a web server. Once downloaded, your web browser sends these cookies back to the website at each subsequent visit so that it can recognize you and remember things like your user preferences.<\/p><p>Can be collected at any time between this website, thanks to the use of cookies and other technologies. By using this site, you agree to our use of cookies, as described in this text.<\/p><p><strong>What cookies do we use and why?<\/strong><\/p><p>Some of the cookies that we use are required to allow navigation within the web site and to use its features, such as access to areas and contents insurance for registered users.<\/p><p>We also use functional cookies or functional cookies to record information about the options that you select when you enter our website, and in order to tailor it to visitors. For example, to remember language or the region of origin, or to know if it has filled out a survey. This information is typically saved by eliminating all of the data that can identify the user, and is not used for any other purpose.<\/p><p>We, or our service providers, we also use analytical services that allow us to understand to what extent are they effective our content or what interests our users, as well as to improve the functioning of the website. In addition, we use web beacons (known in English as web beacons) or tracking pixels to count the number of visits, as well as the so-called performance cookies or performance cookies that allow you to keep track of how many users access our website and how often. This information is used for statistical purposes only and is not our intention to use it to identify users personally. However, if you have registered and logged in to our site, we may combine this information with the information obtained by cookies and analytical services of our Website, to analyze in more detail how you use the site.<\/p><p>This site does not use targeting cookies or commercial cookies, which are those that allow you to send targeted advertising to the visitors of the websites.<\/p><p>Please contact us if you want more detailed information about how we use cookies.<\/p><p><strong>How to control cookies<\/strong><\/p><p>By using this website, you agree that we can place cookies on your computer or equipment, as explained above. However, you can control and manage cookies in various ways. Keep in mind that removing or blocking cookies will have an impact on your user experience, and some parts of the site may not be fully accessible.<\/p><p><strong>Browser controls<\/strong><\/p><p>Most browsers allow you to see what cookies you have and delete them individually, or block cookies from a particular web site or all web sites. Keep in mind that any preference set will be lost if you delete all cookies, including the preference to delete cookies, as this requires the installation of an opt-out cookie. If you would like more information about how to modify the settings of your browser to block or filter cookies, see Aboutcookies.org or Cookiecentral.com.<\/p><p><strong>Social buttons<\/strong><\/p><p>We use social buttons for users to share web pages or select them as favorites. It is buttons to web sites external social media. These sites may log information about your activities on the Internet, including our website. You can review the terms of use and the privacy policies of these web sites to find out exactly how they use your information and to find out how you can be deleted or erased such information.<\/p><p><strong>External web services<\/strong><\/p><p>We sometimes use external web services to display content within our web pages. For example, to display images, or videos, or to conduct surveys. As with the social buttons, we cannot prevent these sites, or external domains, to collect information about your use of this content are embedded.<br \/>Communications via e-mail<\/p><p>Registered users can update their communication preferences at any time by contacting us, or they can unsubscribe by following the instructions included in our communications by e-mail.<\/p>\t\t\t\t\t\t\t\t<\/div>\n\t\t\t\t<\/div>\n\t\t\t\t\t<\/div>\n\t\t\t\t<\/div>\n\t\t\t\t<\/div>","protected":false},"excerpt":{"rendered":"<p>Con el fin de ofrecerle un servicio m\u00e1s personalizado y eficaz, necesitamos recordar y almacenar informaci\u00f3n sobre c\u00f3mo utiliza este sitio. Esto puede hacerse utilizando peque\u00f1os archivos de texto llamados cookies. Las cookies contienen peque\u00f1as cantidades de informaci\u00f3n, y son instaladas en su ordenador o en otro equipo por un servidor web. Una vez descargadas, [&hellip;]<\/p>","protected":false},"author":8,"featured_media":0,"parent":0,"menu_order":0,"comment_status":"closed","ping_status":"closed","template":"","meta":{"iawp_total_views":8,"footnotes":""},"class_list":["post-121","page","type-page","status-publish","hentry"],"yoast_head":"<!-- This site is optimized with the Yoast SEO plugin v25.3.1 - https:\/\/yoast.com\/wordpress\/plugins\/seo\/ -->\n<title>Pol\u00edtica de cookies - Momentum Life Shift<\/title>\n<meta name=\"robots\" content=\"index, follow, max-snippet:-1, max-image-preview:large, max-video-preview:-1\" \/>\n<link rel=\"canonical\" href=\"https:\/\/momentum-life-shift.com\/en\/politica-de-cookies\/\" \/>\n<meta property=\"og:locale\" content=\"en_US\" \/>\n<meta property=\"og:type\" content=\"article\" \/>\n<meta property=\"og:title\" content=\"Pol\u00edtica de cookies - Momentum Life Shift\" \/>\n<meta property=\"og:description\" content=\"Con el fin de ofrecerle un servicio m\u00e1s personalizado y eficaz, necesitamos recordar y almacenar informaci\u00f3n sobre c\u00f3mo utiliza este sitio. Esto puede hacerse utilizando peque\u00f1os archivos de texto llamados cookies. Las cookies contienen peque\u00f1as cantidades de informaci\u00f3n, y son instaladas en su ordenador o en otro equipo por un servidor web. Una vez descargadas, [&hellip;]\" \/>\n<meta property=\"og:url\" content=\"https:\/\/momentum-life-shift.com\/en\/politica-de-cookies\/\" \/>\n<meta property=\"og:site_name\" content=\"Momentum Life Shift\" \/>\n<meta property=\"article:modified_time\" content=\"2024-09-12T20:34:21+00:00\" \/>\n<meta property=\"og:image\" content=\"https:\/\/momentum-life-shift.com\/wp-content\/uploads\/2025\/04\/cropped-momentum-life.png\" \/>\n\t<meta property=\"og:image:width\" content=\"512\" \/>\n\t<meta property=\"og:image:height\" content=\"512\" \/>\n\t<meta property=\"og:image:type\" content=\"image\/png\" \/>\n<meta name=\"twitter:card\" content=\"summary_large_image\" \/>\n<meta name=\"twitter:label1\" content=\"Est. reading time\" \/>\n\t<meta name=\"twitter:data1\" content=\"4 minutes\" \/>\n<script type=\"application\/ld+json\" class=\"yoast-schema-graph\">{\"@context\":\"https:\/\/schema.org\",\"@graph\":[{\"@type\":\"WebPage\",\"@id\":\"https:\/\/momentum-life-shift.com\/politica-de-cookies\/\",\"url\":\"https:\/\/momentum-life-shift.com\/politica-de-cookies\/\",\"name\":\"Pol\u00edtica de cookies - Momentum Life Shift\",\"isPartOf\":{\"@id\":\"https:\/\/momentum-life-shift.com\/#website\"},\"datePublished\":\"2024-09-12T20:33:21+00:00\",\"dateModified\":\"2024-09-12T20:34:21+00:00\",\"breadcrumb\":{\"@id\":\"https:\/\/momentum-life-shift.com\/politica-de-cookies\/#breadcrumb\"},\"inLanguage\":\"en-US\",\"potentialAction\":[{\"@type\":\"ReadAction\",\"target\":[\"https:\/\/momentum-life-shift.com\/politica-de-cookies\/\"]}]},{\"@type\":\"BreadcrumbList\",\"@id\":\"https:\/\/momentum-life-shift.com\/politica-de-cookies\/#breadcrumb\",\"itemListElement\":[{\"@type\":\"ListItem\",\"position\":1,\"name\":\"Home\",\"item\":\"https:\/\/momentum-life-shift.com\/\"},{\"@type\":\"ListItem\",\"position\":2,\"name\":\"Pol\u00edtica de cookies\"}]},{\"@type\":\"WebSite\",\"@id\":\"https:\/\/momentum-life-shift.com\/#website\",\"url\":\"https:\/\/momentum-life-shift.com\/\",\"name\":\"Momentum Life Shift\",\"description\":\"Desbloquea tu potencial con nuestra hipnoterapia especializada\",\"publisher\":{\"@id\":\"https:\/\/momentum-life-shift.com\/#organization\"},\"potentialAction\":[{\"@type\":\"SearchAction\",\"target\":{\"@type\":\"EntryPoint\",\"urlTemplate\":\"https:\/\/momentum-life-shift.com\/?s={search_term_string}\"},\"query-input\":{\"@type\":\"PropertyValueSpecification\",\"valueRequired\":true,\"valueName\":\"search_term_string\"}}],\"inLanguage\":\"en-US\"},{\"@type\":\"Organization\",\"@id\":\"https:\/\/momentum-life-shift.com\/#organization\",\"name\":\"Momentum Life Shift\",\"url\":\"https:\/\/momentum-life-shift.com\/\",\"logo\":{\"@type\":\"ImageObject\",\"inLanguage\":\"en-US\",\"@id\":\"https:\/\/momentum-life-shift.com\/#\/schema\/logo\/image\/\",\"url\":\"https:\/\/momentum-life-shift.com\/wp-content\/uploads\/2025\/04\/cropped-momentum-life.png\",\"contentUrl\":\"https:\/\/momentum-life-shift.com\/wp-content\/uploads\/2025\/04\/cropped-momentum-life.png\",\"width\":512,\"height\":512,\"caption\":\"Momentum Life Shift\"},\"image\":{\"@id\":\"https:\/\/momentum-life-shift.com\/#\/schema\/logo\/image\/\"}}]}<\/script>\n<!-- \/ Yoast SEO plugin. -->","yoast_head_json":{"title":"Pol\u00edtica de cookies - Momentum Life Shift","robots":{"index":"index","follow":"follow","max-snippet":"max-snippet:-1","max-image-preview":"max-image-preview:large","max-video-preview":"max-video-preview:-1"},"canonical":"https:\/\/momentum-life-shift.com\/en\/politica-de-cookies\/","og_locale":"en_US","og_type":"article","og_title":"Pol\u00edtica de cookies - Momentum Life Shift","og_description":"Con el fin de ofrecerle un servicio m\u00e1s personalizado y eficaz, necesitamos recordar y almacenar informaci\u00f3n sobre c\u00f3mo utiliza este sitio. Esto puede hacerse utilizando peque\u00f1os archivos de texto llamados cookies. Las cookies contienen peque\u00f1as cantidades de informaci\u00f3n, y son instaladas en su ordenador o en otro equipo por un servidor web. Una vez descargadas, [&hellip;]","og_url":"https:\/\/momentum-life-shift.com\/en\/politica-de-cookies\/","og_site_name":"Momentum Life Shift","article_modified_time":"2024-09-12T20:34:21+00:00","og_image":[{"width":512,"height":512,"url":"https:\/\/momentum-life-shift.com\/wp-content\/uploads\/2025\/04\/cropped-momentum-life.png","type":"image\/png"}],"twitter_card":"summary_large_image","twitter_misc":{"Est. reading time":"4 minutes"},"schema":{"@context":"https:\/\/schema.org","@graph":[{"@type":"WebPage","@id":"https:\/\/momentum-life-shift.com\/politica-de-cookies\/","url":"https:\/\/momentum-life-shift.com\/politica-de-cookies\/","name":"Pol\u00edtica de cookies - Momentum Life Shift","isPartOf":{"@id":"https:\/\/momentum-life-shift.com\/#website"},"datePublished":"2024-09-12T20:33:21+00:00","dateModified":"2024-09-12T20:34:21+00:00","breadcrumb":{"@id":"https:\/\/momentum-life-shift.com\/politica-de-cookies\/#breadcrumb"},"inLanguage":"en-US","potentialAction":[{"@type":"ReadAction","target":["https:\/\/momentum-life-shift.com\/politica-de-cookies\/"]}]},{"@type":"BreadcrumbList","@id":"https:\/\/momentum-life-shift.com\/politica-de-cookies\/#breadcrumb","itemListElement":[{"@type":"ListItem","position":1,"name":"Home","item":"https:\/\/momentum-life-shift.com\/"},{"@type":"ListItem","position":2,"name":"Pol\u00edtica de cookies"}]},{"@type":"WebSite","@id":"https:\/\/momentum-life-shift.com\/#website","url":"https:\/\/momentum-life-shift.com\/","name":"Momentum Life Shift","description":"Desbloquea tu potencial con nuestra hipnoterapia especializada","publisher":{"@id":"https:\/\/momentum-life-shift.com\/#organization"},"potentialAction":[{"@type":"SearchAction","target":{"@type":"EntryPoint","urlTemplate":"https:\/\/momentum-life-shift.com\/?s={search_term_string}"},"query-input":{"@type":"PropertyValueSpecification","valueRequired":true,"valueName":"search_term_string"}}],"inLanguage":"en-US"},{"@type":"Organization","@id":"https:\/\/momentum-life-shift.com\/#organization","name":"Momentum Life Shift","url":"https:\/\/momentum-life-shift.com\/","logo":{"@type":"ImageObject","inLanguage":"en-US","@id":"https:\/\/momentum-life-shift.com\/#\/schema\/logo\/image\/","url":"https:\/\/momentum-life-shift.com\/wp-content\/uploads\/2025\/04\/cropped-momentum-life.png","contentUrl":"https:\/\/momentum-life-shift.com\/wp-content\/uploads\/2025\/04\/cropped-momentum-life.png","width":512,"height":512,"caption":"Momentum Life Shift"},"image":{"@id":"https:\/\/momentum-life-shift.com\/#\/schema\/logo\/image\/"}}]}},"_links":{"self":[{"href":"https:\/\/momentum-life-shift.com\/en\/wp-json\/wp\/v2\/pages\/121","targetHints":{"allow":["GET"]}}],"collection":[{"href":"https:\/\/momentum-life-shift.com\/en\/wp-json\/wp\/v2\/pages"}],"about":[{"href":"https:\/\/momentum-life-shift.com\/en\/wp-json\/wp\/v2\/types\/page"}],"author":[{"embeddable":true,"href":"https:\/\/momentum-life-shift.com\/en\/wp-json\/wp\/v2\/users\/8"}],"replies":[{"embeddable":true,"href":"https:\/\/momentum-life-shift.com\/en\/wp-json\/wp\/v2\/comments?post=121"}],"version-history":[{"count":4,"href":"https:\/\/momentum-life-shift.com\/en\/wp-json\/wp\/v2\/pages\/121\/revisions"}],"predecessor-version":[{"id":127,"href":"https:\/\/momentum-life-shift.com\/en\/wp-json\/wp\/v2\/pages\/121\/revisions\/127"}],"wp:attachment":[{"href":"https:\/\/momentum-life-shift.com\/en\/wp-json\/wp\/v2\/media?parent=121"}],"curies":[{"name":"wp","href":"https:\/\/api.w.org\/{rel}","templated":true}]}}