{"id":116,"date":"2024-09-12T20:30:25","date_gmt":"2024-09-12T20:30:25","guid":{"rendered":"https:\/\/p9.miexpertodigital1.eu\/?page_id=116"},"modified":"2025-04-11T09:15:46","modified_gmt":"2025-04-11T09:15:46","slug":"politica-de-privacidad","status":"publish","type":"page","link":"https:\/\/momentum-life-shift.com\/en\/politica-de-privacidad\/","title":{"rendered":"Privacy policy"},"content":{"rendered":"<div data-elementor-type=\"wp-page\" data-elementor-id=\"116\" class=\"elementor elementor-116\" data-elementor-post-type=\"page\">\n\t\t\t\t<div class=\"elementor-element elementor-element-2daf5cbc e-flex e-con-boxed elementor-invisible e-con e-parent\" data-id=\"2daf5cbc\" data-element_type=\"container\" data-settings=\"{&quot;background_background&quot;:&quot;classic&quot;,&quot;animation&quot;:&quot;fadeIn&quot;}\">\n\t\t\t\t\t<div class=\"e-con-inner\">\n\t\t<div class=\"elementor-element elementor-element-3c33c693 e-con-full e-flex e-con e-child\" data-id=\"3c33c693\" data-element_type=\"container\">\n\t\t\t\t<\/div>\n\t\t\t\t\t<\/div>\n\t\t\t\t<\/div>\n\t\t<div class=\"elementor-element elementor-element-fca7175 e-flex e-con-boxed e-con e-parent\" data-id=\"fca7175\" data-element_type=\"container\">\n\t\t\t\t\t<div class=\"e-con-inner\">\n\t\t\t\t<div class=\"elementor-element elementor-element-d6754ea elementor-invisible elementor-widget elementor-widget-text-editor\" data-id=\"d6754ea\" data-element_type=\"widget\" data-settings=\"{&quot;_animation&quot;:&quot;fadeIn&quot;}\" data-widget_type=\"text-editor.default\">\n\t\t\t\t<div class=\"elementor-widget-container\">\n\t\t\t\t\t\t\t\t\t<p><strong>Privacy policy<\/strong><\/p><p>In this document we inform you of the reasons why we collect your personal data, what we do with the data, what rights you have and how you can exercise them.<\/p><p><strong>Responsible for your personal data.<\/strong><\/p><p>Identity: Stela Georgieva Kutova X6649546Q<\/p><p>Address: Canary Islands, Spain<\/p><p>Phone: +34<\/p><p>E-mail: online.hypnoterapia@momentumlifeshift.com<\/p><p><strong>Why we collect your personal data?<\/strong><\/p><p>In cafosam.com we collect and process information that you provide to us in order to respond to the questions we ask through our contact forms and comments, and to send you information that is of your interest through our communication channels.<\/p><p>We have stored this information while please do not request that we delete.<\/p><p><strong>What are the legal bases for the processing of your data?<\/strong><\/p><p>The legal bases to treat your data are the following:<\/p><p>Execution of the subscription agreement, to send you information that is of your interest through our communication channels.<\/p><p>Obtaining your consent, to respond to the questions we ask through our contact forms and comments.<\/p><p>Remember that you are not obliged to provide us your consent for the processing of your data, but if you don&#039;t do it cafosam.com not be able to get information that is of your interest through our communication channels.<\/p><p><strong>Who will be able to communicate your personal data?<\/strong><\/p><p>So that we can provide you with services of the highest quality and comply with our obligations tax, we inform you that the information you provide us may be disclosed to:<\/p><p><a href=\"https:\/\/www.siteground.es\/\">Siteground<\/a>\u00a0with a tax domicile in C\/Serrano 1, 5, responsible for providing the hosting and the domain for this website.<\/p><p><a href=\"https:\/\/google.com\/\">Google LLC<\/a>, in charge of the collection of analytics this website, and subject to the agreement\u00a0<a href=\"https:\/\/www.privacyshield.gov\/participant?id=a2zt000000001L5AAI&amp;status=Active\">EU-US Privacy Shield<\/a>.<\/p><p><strong>What rights you have over your data?<\/strong><\/p><p>These are the rights you can exercise over your personal data:<\/p><p>Rights to request access to your personal data.<\/p><p>The right to request the rectification or erasure.<\/p><p>The right to request the limitation of treatment.<\/p><p>The right to object to the processing.<\/p><p>To exercise your rights, as mentioned above, you can send us an e-mail to online.hypnoterapia@momentumlifeshift.com indicating in the subject \u201cDATA PROTECTION\u201d and including a photocopy of your DNI or other identification document equivalent.<\/p><p><strong>Can I withdraw consent?<\/strong><\/p><p>You have the right to withdraw your consent for any specific purpose granted at the time, without affecting the lawfulness of the processing based on the consent prior to its withdrawal.<\/p><p><strong>Where can I claim if I believe that my data is not processed correctly?<\/strong><\/p><p>If you believe that your data isn&#039;t treated properly, you can direct your claims to the e-mail online.hypnoterapia@momentumlifeshift.com or to the Spanish Agency of Protection of Data (<a href=\"http:\/\/www.agpd.es\/\">AEPD<\/a>).<\/p><p><strong>Security and update of your personal data<\/strong><\/p><p>To ensure the security of your personal data, we inform you that in momentum.com we have adopted all the necessary technical and organizational measures to ensure the security of your personal data. In order to avoid its alteration, loss or unauthorised access, as required by law, with the understanding that absolute security does not exist.<\/p><p>With the aim of being able to keep your personal data up to date, please tell us in the event of any modification on them.<\/p>\t\t\t\t\t\t\t\t<\/div>\n\t\t\t\t<\/div>\n\t\t\t\t\t<\/div>\n\t\t\t\t<\/div>\n\t\t\t\t<\/div>","protected":false},"excerpt":{"rendered":"<p>Pol\u00edtica de privacidad En este documento te informamos de los motivos por los que recogemos tus datos personales, qu\u00e9 hacemos con dichos datos, qu\u00e9 derechos tienes y de qu\u00e9 forma puedes ejercerlos. Responsable de tus datos personales. Identidad: Stela Georgieva Kutova X6649546Q Direcci\u00f3n: Islas Canarias, Espa\u00f1a Tel\u00e9fono: +34 E-mail: online.hypnoterapia@momentumlifeshift.com \u00bfPara qu\u00e9 recogemos tus datos [&hellip;]<\/p>","protected":false},"author":8,"featured_media":0,"parent":0,"menu_order":0,"comment_status":"closed","ping_status":"closed","template":"","meta":{"iawp_total_views":12,"footnotes":""},"class_list":["post-116","page","type-page","status-publish","hentry"],"yoast_head":"<!-- This site is optimized with the Yoast SEO plugin v25.3.1 - https:\/\/yoast.com\/wordpress\/plugins\/seo\/ -->\n<title>Pol\u00edtica de privacidad - Momentum Life Shift<\/title>\n<meta name=\"robots\" content=\"index, follow, max-snippet:-1, max-image-preview:large, max-video-preview:-1\" \/>\n<link rel=\"canonical\" href=\"https:\/\/momentum-life-shift.com\/en\/politica-de-privacidad\/\" \/>\n<meta property=\"og:locale\" content=\"en_US\" \/>\n<meta property=\"og:type\" content=\"article\" \/>\n<meta property=\"og:title\" content=\"Pol\u00edtica de privacidad - Momentum Life Shift\" \/>\n<meta property=\"og:description\" content=\"Pol\u00edtica de privacidad En este documento te informamos de los motivos por los que recogemos tus datos personales, qu\u00e9 hacemos con dichos datos, qu\u00e9 derechos tienes y de qu\u00e9 forma puedes ejercerlos. Responsable de tus datos personales. Identidad: Stela Georgieva Kutova X6649546Q Direcci\u00f3n: Islas Canarias, Espa\u00f1a Tel\u00e9fono: +34 E-mail: online.hypnoterapia@momentumlifeshift.com \u00bfPara qu\u00e9 recogemos tus datos [&hellip;]\" \/>\n<meta property=\"og:url\" content=\"https:\/\/momentum-life-shift.com\/en\/politica-de-privacidad\/\" \/>\n<meta property=\"og:site_name\" content=\"Momentum Life Shift\" \/>\n<meta property=\"article:modified_time\" content=\"2025-04-11T09:15:46+00:00\" \/>\n<meta property=\"og:image\" content=\"https:\/\/momentum-life-shift.com\/wp-content\/uploads\/2025\/04\/cropped-momentum-life.png\" \/>\n\t<meta property=\"og:image:width\" content=\"512\" \/>\n\t<meta property=\"og:image:height\" content=\"512\" \/>\n\t<meta property=\"og:image:type\" content=\"image\/png\" \/>\n<meta name=\"twitter:card\" content=\"summary_large_image\" \/>\n<meta name=\"twitter:label1\" content=\"Est. reading time\" \/>\n\t<meta name=\"twitter:data1\" content=\"3 minutes\" \/>\n<script type=\"application\/ld+json\" class=\"yoast-schema-graph\">{\"@context\":\"https:\/\/schema.org\",\"@graph\":[{\"@type\":\"WebPage\",\"@id\":\"https:\/\/momentum-life-shift.com\/politica-de-privacidad\/\",\"url\":\"https:\/\/momentum-life-shift.com\/politica-de-privacidad\/\",\"name\":\"Pol\u00edtica de privacidad - Momentum Life Shift\",\"isPartOf\":{\"@id\":\"https:\/\/momentum-life-shift.com\/#website\"},\"datePublished\":\"2024-09-12T20:30:25+00:00\",\"dateModified\":\"2025-04-11T09:15:46+00:00\",\"breadcrumb\":{\"@id\":\"https:\/\/momentum-life-shift.com\/politica-de-privacidad\/#breadcrumb\"},\"inLanguage\":\"en-US\",\"potentialAction\":[{\"@type\":\"ReadAction\",\"target\":[\"https:\/\/momentum-life-shift.com\/politica-de-privacidad\/\"]}]},{\"@type\":\"BreadcrumbList\",\"@id\":\"https:\/\/momentum-life-shift.com\/politica-de-privacidad\/#breadcrumb\",\"itemListElement\":[{\"@type\":\"ListItem\",\"position\":1,\"name\":\"Home\",\"item\":\"https:\/\/momentum-life-shift.com\/\"},{\"@type\":\"ListItem\",\"position\":2,\"name\":\"Pol\u00edtica de privacidad\"}]},{\"@type\":\"WebSite\",\"@id\":\"https:\/\/momentum-life-shift.com\/#website\",\"url\":\"https:\/\/momentum-life-shift.com\/\",\"name\":\"Momentum Life Shift\",\"description\":\"Desbloquea tu potencial con nuestra hipnoterapia especializada\",\"publisher\":{\"@id\":\"https:\/\/momentum-life-shift.com\/#organization\"},\"potentialAction\":[{\"@type\":\"SearchAction\",\"target\":{\"@type\":\"EntryPoint\",\"urlTemplate\":\"https:\/\/momentum-life-shift.com\/?s={search_term_string}\"},\"query-input\":{\"@type\":\"PropertyValueSpecification\",\"valueRequired\":true,\"valueName\":\"search_term_string\"}}],\"inLanguage\":\"en-US\"},{\"@type\":\"Organization\",\"@id\":\"https:\/\/momentum-life-shift.com\/#organization\",\"name\":\"Momentum Life Shift\",\"url\":\"https:\/\/momentum-life-shift.com\/\",\"logo\":{\"@type\":\"ImageObject\",\"inLanguage\":\"en-US\",\"@id\":\"https:\/\/momentum-life-shift.com\/#\/schema\/logo\/image\/\",\"url\":\"https:\/\/momentum-life-shift.com\/wp-content\/uploads\/2025\/04\/cropped-momentum-life.png\",\"contentUrl\":\"https:\/\/momentum-life-shift.com\/wp-content\/uploads\/2025\/04\/cropped-momentum-life.png\",\"width\":512,\"height\":512,\"caption\":\"Momentum Life Shift\"},\"image\":{\"@id\":\"https:\/\/momentum-life-shift.com\/#\/schema\/logo\/image\/\"}}]}<\/script>\n<!-- \/ Yoast SEO plugin. -->","yoast_head_json":{"title":"Pol\u00edtica de privacidad - Momentum Life Shift","robots":{"index":"index","follow":"follow","max-snippet":"max-snippet:-1","max-image-preview":"max-image-preview:large","max-video-preview":"max-video-preview:-1"},"canonical":"https:\/\/momentum-life-shift.com\/en\/politica-de-privacidad\/","og_locale":"en_US","og_type":"article","og_title":"Pol\u00edtica de privacidad - Momentum Life Shift","og_description":"Pol\u00edtica de privacidad En este documento te informamos de los motivos por los que recogemos tus datos personales, qu\u00e9 hacemos con dichos datos, qu\u00e9 derechos tienes y de qu\u00e9 forma puedes ejercerlos. Responsable de tus datos personales. Identidad: Stela Georgieva Kutova X6649546Q Direcci\u00f3n: Islas Canarias, Espa\u00f1a Tel\u00e9fono: +34 E-mail: online.hypnoterapia@momentumlifeshift.com \u00bfPara qu\u00e9 recogemos tus datos [&hellip;]","og_url":"https:\/\/momentum-life-shift.com\/en\/politica-de-privacidad\/","og_site_name":"Momentum Life Shift","article_modified_time":"2025-04-11T09:15:46+00:00","og_image":[{"width":512,"height":512,"url":"https:\/\/momentum-life-shift.com\/wp-content\/uploads\/2025\/04\/cropped-momentum-life.png","type":"image\/png"}],"twitter_card":"summary_large_image","twitter_misc":{"Est. reading time":"3 minutes"},"schema":{"@context":"https:\/\/schema.org","@graph":[{"@type":"WebPage","@id":"https:\/\/momentum-life-shift.com\/politica-de-privacidad\/","url":"https:\/\/momentum-life-shift.com\/politica-de-privacidad\/","name":"Pol\u00edtica de privacidad - Momentum Life Shift","isPartOf":{"@id":"https:\/\/momentum-life-shift.com\/#website"},"datePublished":"2024-09-12T20:30:25+00:00","dateModified":"2025-04-11T09:15:46+00:00","breadcrumb":{"@id":"https:\/\/momentum-life-shift.com\/politica-de-privacidad\/#breadcrumb"},"inLanguage":"en-US","potentialAction":[{"@type":"ReadAction","target":["https:\/\/momentum-life-shift.com\/politica-de-privacidad\/"]}]},{"@type":"BreadcrumbList","@id":"https:\/\/momentum-life-shift.com\/politica-de-privacidad\/#breadcrumb","itemListElement":[{"@type":"ListItem","position":1,"name":"Home","item":"https:\/\/momentum-life-shift.com\/"},{"@type":"ListItem","position":2,"name":"Pol\u00edtica de privacidad"}]},{"@type":"WebSite","@id":"https:\/\/momentum-life-shift.com\/#website","url":"https:\/\/momentum-life-shift.com\/","name":"Momentum Life Shift","description":"Desbloquea tu potencial con nuestra hipnoterapia especializada","publisher":{"@id":"https:\/\/momentum-life-shift.com\/#organization"},"potentialAction":[{"@type":"SearchAction","target":{"@type":"EntryPoint","urlTemplate":"https:\/\/momentum-life-shift.com\/?s={search_term_string}"},"query-input":{"@type":"PropertyValueSpecification","valueRequired":true,"valueName":"search_term_string"}}],"inLanguage":"en-US"},{"@type":"Organization","@id":"https:\/\/momentum-life-shift.com\/#organization","name":"Momentum Life Shift","url":"https:\/\/momentum-life-shift.com\/","logo":{"@type":"ImageObject","inLanguage":"en-US","@id":"https:\/\/momentum-life-shift.com\/#\/schema\/logo\/image\/","url":"https:\/\/momentum-life-shift.com\/wp-content\/uploads\/2025\/04\/cropped-momentum-life.png","contentUrl":"https:\/\/momentum-life-shift.com\/wp-content\/uploads\/2025\/04\/cropped-momentum-life.png","width":512,"height":512,"caption":"Momentum Life Shift"},"image":{"@id":"https:\/\/momentum-life-shift.com\/#\/schema\/logo\/image\/"}}]}},"_links":{"self":[{"href":"https:\/\/momentum-life-shift.com\/en\/wp-json\/wp\/v2\/pages\/116","targetHints":{"allow":["GET"]}}],"collection":[{"href":"https:\/\/momentum-life-shift.com\/en\/wp-json\/wp\/v2\/pages"}],"about":[{"href":"https:\/\/momentum-life-shift.com\/en\/wp-json\/wp\/v2\/types\/page"}],"author":[{"embeddable":true,"href":"https:\/\/momentum-life-shift.com\/en\/wp-json\/wp\/v2\/users\/8"}],"replies":[{"embeddable":true,"href":"https:\/\/momentum-life-shift.com\/en\/wp-json\/wp\/v2\/comments?post=116"}],"version-history":[{"count":5,"href":"https:\/\/momentum-life-shift.com\/en\/wp-json\/wp\/v2\/pages\/116\/revisions"}],"predecessor-version":[{"id":562,"href":"https:\/\/momentum-life-shift.com\/en\/wp-json\/wp\/v2\/pages\/116\/revisions\/562"}],"wp:attachment":[{"href":"https:\/\/momentum-life-shift.com\/en\/wp-json\/wp\/v2\/media?parent=116"}],"curies":[{"name":"wp","href":"https:\/\/api.w.org\/{rel}","templated":true}]}}